{"id":169,"date":"2023-10-17T11:35:21","date_gmt":"2023-10-17T10:35:21","guid":{"rendered":"https:\/\/ecothings.webs.upv.es\/?page_id=169"},"modified":"2023-10-17T11:35:24","modified_gmt":"2023-10-17T10:35:24","slug":"second-tpm-in-turkey","status":"publish","type":"page","link":"https:\/\/ecothings.webs.upv.es\/index.php\/second-tpm-in-turkey\/","title":{"rendered":"Second TPM in Turkey"},"content":{"rendered":"\n<figure class=\"wp-block-gallery has-nested-images columns-default is-cropped wp-block-gallery-1 is-layout-flex wp-block-gallery-is-layout-flex\">\n<figure class=\"wp-block-image size-large\"><img loading=\"lazy\" decoding=\"async\" width=\"768\" height=\"1024\" data-id=\"171\" src=\"https:\/\/ecothings.webs.upv.es\/wp-content\/uploads\/2023\/10\/28-dinner-in-kas.jpeg\" alt=\"\" class=\"wp-image-171\" srcset=\"https:\/\/ecothings.webs.upv.es\/wp-content\/uploads\/2023\/10\/28-dinner-in-kas.jpeg 768w, https:\/\/ecothings.webs.upv.es\/wp-content\/uploads\/2023\/10\/28-dinner-in-kas-225x300.jpeg 225w, https:\/\/ecothings.webs.upv.es\/wp-content\/uploads\/2023\/10\/28-dinner-in-kas-45x60.jpeg 45w\" sizes=\"auto, (max-width: 768px) 100vw, 768px\" \/><\/figure>\n\n\n\n<figure class=\"wp-block-image size-large\"><img loading=\"lazy\" decoding=\"async\" width=\"1024\" height=\"768\" data-id=\"175\" src=\"https:\/\/ecothings.webs.upv.es\/wp-content\/uploads\/2023\/10\/386357930_1637937980069097_6064925473145551146_n-1024x768.jpg\" alt=\"\" class=\"wp-image-175\" srcset=\"https:\/\/ecothings.webs.upv.es\/wp-content\/uploads\/2023\/10\/386357930_1637937980069097_6064925473145551146_n-1024x768.jpg 1024w, https:\/\/ecothings.webs.upv.es\/wp-content\/uploads\/2023\/10\/386357930_1637937980069097_6064925473145551146_n-300x225.jpg 300w, https:\/\/ecothings.webs.upv.es\/wp-content\/uploads\/2023\/10\/386357930_1637937980069097_6064925473145551146_n-768x576.jpg 768w, https:\/\/ecothings.webs.upv.es\/wp-content\/uploads\/2023\/10\/386357930_1637937980069097_6064925473145551146_n-1536x1152.jpg 1536w, https:\/\/ecothings.webs.upv.es\/wp-content\/uploads\/2023\/10\/386357930_1637937980069097_6064925473145551146_n-80x60.jpg 80w, https:\/\/ecothings.webs.upv.es\/wp-content\/uploads\/2023\/10\/386357930_1637937980069097_6064925473145551146_n.jpg 2048w\" sizes=\"auto, (max-width: 1024px) 100vw, 1024px\" \/><\/figure>\n\n\n\n<figure class=\"wp-block-image size-large\"><img loading=\"lazy\" decoding=\"async\" width=\"1024\" height=\"434\" data-id=\"172\" src=\"https:\/\/ecothings.webs.upv.es\/wp-content\/uploads\/2023\/10\/387094383_1636891980173697_8628584413069078404_n-1024x434.jpg\" alt=\"\" class=\"wp-image-172\" srcset=\"https:\/\/ecothings.webs.upv.es\/wp-content\/uploads\/2023\/10\/387094383_1636891980173697_8628584413069078404_n-1024x434.jpg 1024w, https:\/\/ecothings.webs.upv.es\/wp-content\/uploads\/2023\/10\/387094383_1636891980173697_8628584413069078404_n-300x127.jpg 300w, https:\/\/ecothings.webs.upv.es\/wp-content\/uploads\/2023\/10\/387094383_1636891980173697_8628584413069078404_n-768x326.jpg 768w, https:\/\/ecothings.webs.upv.es\/wp-content\/uploads\/2023\/10\/387094383_1636891980173697_8628584413069078404_n-1536x651.jpg 1536w, https:\/\/ecothings.webs.upv.es\/wp-content\/uploads\/2023\/10\/387094383_1636891980173697_8628584413069078404_n-142x60.jpg 142w, https:\/\/ecothings.webs.upv.es\/wp-content\/uploads\/2023\/10\/387094383_1636891980173697_8628584413069078404_n.jpg 2048w\" sizes=\"auto, (max-width: 1024px) 100vw, 1024px\" \/><\/figure>\n\n\n\n<figure class=\"wp-block-image size-large\"><img loading=\"lazy\" decoding=\"async\" width=\"461\" height=\"1024\" data-id=\"178\" src=\"https:\/\/ecothings.webs.upv.es\/wp-content\/uploads\/2023\/10\/387158483_1637938623402366_3183082285591127530_n-461x1024.jpg\" alt=\"\" class=\"wp-image-178\" srcset=\"https:\/\/ecothings.webs.upv.es\/wp-content\/uploads\/2023\/10\/387158483_1637938623402366_3183082285591127530_n-461x1024.jpg 461w, https:\/\/ecothings.webs.upv.es\/wp-content\/uploads\/2023\/10\/387158483_1637938623402366_3183082285591127530_n-135x300.jpg 135w, https:\/\/ecothings.webs.upv.es\/wp-content\/uploads\/2023\/10\/387158483_1637938623402366_3183082285591127530_n-768x1705.jpg 768w, https:\/\/ecothings.webs.upv.es\/wp-content\/uploads\/2023\/10\/387158483_1637938623402366_3183082285591127530_n-692x1536.jpg 692w, https:\/\/ecothings.webs.upv.es\/wp-content\/uploads\/2023\/10\/387158483_1637938623402366_3183082285591127530_n-27x60.jpg 27w, https:\/\/ecothings.webs.upv.es\/wp-content\/uploads\/2023\/10\/387158483_1637938623402366_3183082285591127530_n.jpg 908w\" sizes=\"auto, (max-width: 461px) 100vw, 461px\" \/><\/figure>\n\n\n\n<figure class=\"wp-block-image size-large\"><img loading=\"lazy\" decoding=\"async\" width=\"1024\" height=\"768\" data-id=\"170\" src=\"https:\/\/ecothings.webs.upv.es\/wp-content\/uploads\/2023\/10\/Altogather.jpeg\" alt=\"\" class=\"wp-image-170\" srcset=\"https:\/\/ecothings.webs.upv.es\/wp-content\/uploads\/2023\/10\/Altogather.jpeg 1024w, https:\/\/ecothings.webs.upv.es\/wp-content\/uploads\/2023\/10\/Altogather-300x225.jpeg 300w, https:\/\/ecothings.webs.upv.es\/wp-content\/uploads\/2023\/10\/Altogather-768x576.jpeg 768w, https:\/\/ecothings.webs.upv.es\/wp-content\/uploads\/2023\/10\/Altogather-80x60.jpeg 80w\" sizes=\"auto, (max-width: 1024px) 100vw, 1024px\" \/><\/figure>\n\n\n\n<figure class=\"wp-block-image size-large\"><img loading=\"lazy\" decoding=\"async\" width=\"1024\" height=\"768\" data-id=\"173\" src=\"https:\/\/ecothings.webs.upv.es\/wp-content\/uploads\/2023\/10\/IMG-20230929-WA0007-1024x768.jpg\" alt=\"\" class=\"wp-image-173\" srcset=\"https:\/\/ecothings.webs.upv.es\/wp-content\/uploads\/2023\/10\/IMG-20230929-WA0007-1024x768.jpg 1024w, https:\/\/ecothings.webs.upv.es\/wp-content\/uploads\/2023\/10\/IMG-20230929-WA0007-300x225.jpg 300w, https:\/\/ecothings.webs.upv.es\/wp-content\/uploads\/2023\/10\/IMG-20230929-WA0007-768x576.jpg 768w, https:\/\/ecothings.webs.upv.es\/wp-content\/uploads\/2023\/10\/IMG-20230929-WA0007-1536x1152.jpg 1536w, https:\/\/ecothings.webs.upv.es\/wp-content\/uploads\/2023\/10\/IMG-20230929-WA0007-80x60.jpg 80w, https:\/\/ecothings.webs.upv.es\/wp-content\/uploads\/2023\/10\/IMG-20230929-WA0007.jpg 1600w\" sizes=\"auto, (max-width: 1024px) 100vw, 1024px\" \/><\/figure>\n\n\n\n<figure class=\"wp-block-image size-large\"><img loading=\"lazy\" decoding=\"async\" width=\"1024\" height=\"768\" data-id=\"177\" src=\"https:\/\/ecothings.webs.upv.es\/wp-content\/uploads\/2023\/10\/IMG-20230930-WA0010-1024x768.jpg\" alt=\"\" class=\"wp-image-177\" srcset=\"https:\/\/ecothings.webs.upv.es\/wp-content\/uploads\/2023\/10\/IMG-20230930-WA0010-1024x768.jpg 1024w, https:\/\/ecothings.webs.upv.es\/wp-content\/uploads\/2023\/10\/IMG-20230930-WA0010-300x225.jpg 300w, https:\/\/ecothings.webs.upv.es\/wp-content\/uploads\/2023\/10\/IMG-20230930-WA0010-768x576.jpg 768w, https:\/\/ecothings.webs.upv.es\/wp-content\/uploads\/2023\/10\/IMG-20230930-WA0010-1536x1152.jpg 1536w, https:\/\/ecothings.webs.upv.es\/wp-content\/uploads\/2023\/10\/IMG-20230930-WA0010-80x60.jpg 80w, https:\/\/ecothings.webs.upv.es\/wp-content\/uploads\/2023\/10\/IMG-20230930-WA0010.jpg 2048w\" sizes=\"auto, (max-width: 1024px) 100vw, 1024px\" \/><\/figure>\n\n\n\n<figure class=\"wp-block-image size-large\"><img loading=\"lazy\" decoding=\"async\" width=\"1024\" height=\"768\" data-id=\"176\" src=\"https:\/\/ecothings.webs.upv.es\/wp-content\/uploads\/2023\/10\/IMG-20230930-WA0066-1024x768.jpg\" alt=\"\" class=\"wp-image-176\" srcset=\"https:\/\/ecothings.webs.upv.es\/wp-content\/uploads\/2023\/10\/IMG-20230930-WA0066-1024x768.jpg 1024w, https:\/\/ecothings.webs.upv.es\/wp-content\/uploads\/2023\/10\/IMG-20230930-WA0066-300x225.jpg 300w, https:\/\/ecothings.webs.upv.es\/wp-content\/uploads\/2023\/10\/IMG-20230930-WA0066-768x576.jpg 768w, https:\/\/ecothings.webs.upv.es\/wp-content\/uploads\/2023\/10\/IMG-20230930-WA0066-1536x1152.jpg 1536w, https:\/\/ecothings.webs.upv.es\/wp-content\/uploads\/2023\/10\/IMG-20230930-WA0066-80x60.jpg 80w, https:\/\/ecothings.webs.upv.es\/wp-content\/uploads\/2023\/10\/IMG-20230930-WA0066.jpg 2048w\" sizes=\"auto, (max-width: 1024px) 100vw, 1024px\" \/><\/figure>\n\n\n\n<figure class=\"wp-block-image size-large\"><img loading=\"lazy\" decoding=\"async\" width=\"1024\" height=\"768\" data-id=\"174\" src=\"https:\/\/ecothings.webs.upv.es\/wp-content\/uploads\/2023\/10\/WhatsApp-Image-2023-09-29-at-10.18.36-5-1024x768.jpeg\" alt=\"\" class=\"wp-image-174\" srcset=\"https:\/\/ecothings.webs.upv.es\/wp-content\/uploads\/2023\/10\/WhatsApp-Image-2023-09-29-at-10.18.36-5-1024x768.jpeg 1024w, https:\/\/ecothings.webs.upv.es\/wp-content\/uploads\/2023\/10\/WhatsApp-Image-2023-09-29-at-10.18.36-5-300x225.jpeg 300w, https:\/\/ecothings.webs.upv.es\/wp-content\/uploads\/2023\/10\/WhatsApp-Image-2023-09-29-at-10.18.36-5-768x576.jpeg 768w, https:\/\/ecothings.webs.upv.es\/wp-content\/uploads\/2023\/10\/WhatsApp-Image-2023-09-29-at-10.18.36-5-1536x1152.jpeg 1536w, https:\/\/ecothings.webs.upv.es\/wp-content\/uploads\/2023\/10\/WhatsApp-Image-2023-09-29-at-10.18.36-5-80x60.jpeg 80w, https:\/\/ecothings.webs.upv.es\/wp-content\/uploads\/2023\/10\/WhatsApp-Image-2023-09-29-at-10.18.36-5.jpeg 1600w\" sizes=\"auto, (max-width: 1024px) 100vw, 1024px\" \/><\/figure>\n\n\n\n<figure class=\"wp-block-image size-large\"><img loading=\"lazy\" decoding=\"async\" width=\"768\" height=\"1024\" data-id=\"179\" src=\"https:\/\/ecothings.webs.upv.es\/wp-content\/uploads\/2023\/10\/WhatsApp-Image-2023-10-04-at-18.16.05-768x1024.jpeg\" alt=\"\" class=\"wp-image-179\" srcset=\"https:\/\/ecothings.webs.upv.es\/wp-content\/uploads\/2023\/10\/WhatsApp-Image-2023-10-04-at-18.16.05-768x1024.jpeg 768w, https:\/\/ecothings.webs.upv.es\/wp-content\/uploads\/2023\/10\/WhatsApp-Image-2023-10-04-at-18.16.05-225x300.jpeg 225w, https:\/\/ecothings.webs.upv.es\/wp-content\/uploads\/2023\/10\/WhatsApp-Image-2023-10-04-at-18.16.05-1152x1536.jpeg 1152w, https:\/\/ecothings.webs.upv.es\/wp-content\/uploads\/2023\/10\/WhatsApp-Image-2023-10-04-at-18.16.05-45x60.jpeg 45w, https:\/\/ecothings.webs.upv.es\/wp-content\/uploads\/2023\/10\/WhatsApp-Image-2023-10-04-at-18.16.05.jpeg 1536w\" sizes=\"auto, (max-width: 768px) 100vw, 768px\" \/><\/figure>\n<\/figure>\n\n\n\n<p>The Second Transnational Project Meeting took place at TURAN ERDO\u011eAN YILMAZ FEN L\u0130SES\u0130, in Kalkan (Antalya) from September 28th to September 30th. All Ecothings partners from Universidad Polit\u00e9cnica de Valencia (AO &#8211; Spain), Colegio Santiago Ap\u00f3stol (P1 &#8211; Spain), STANDO LTD (P2 &#8211; Cyprus), Wyliodrin (P3 &#8211; Romania) and TURAN ERDO\u011eAN YILMAZ FEN L\u0130SES\u0130 (P4 &#8211; Turkey) participated.<\/p>\n\n\n\n<p>The first day started with a school tour and then lunch with the local teachers.<\/p>\n\n\n\n<p>After lunch P1 presented a report on the project development. From the report emerged that PR1 and PR2 need further development and the schools involved in the project (P1 and P4) need more support from the technological partners (AO and P3). Therefore AO committed to provide further assistance to P1 starting from October 2023 and P3 committed to do the same with P4 before Christmas 2023. Moreover,  some management issues were discussed and the appropiate solutions were proposed and accepted by the partnership.<\/p>\n\n\n\n<p>Then AO presented the project mid-evaluation report and shortcomings were discussed.<\/p>\n\n\n\n<p>The following step was setting the stage for the Methodological Guide to be prepared, being P2 the leading partner. The partners agreed to define the Guide outline, the material gathered so far and the one that needs to be gathered up urgently, the discussion and the feedback on it.<\/p>\n\n\n\n<p>After the presentations, we met for dinner at TurizmPark Restaurant run by Ka\u015f Vocational and Technical Anatolian High School. The day was completed with a visit to Ka\u015f Amphitheater and Ka\u015f Republic Square after a delicious dinner accompanied by a unique Ka\u015f View. We would like to thank Ka\u015f Tourism Park students and staff for their hospitality.<\/p>\n\n\n\n<p>On the second day, P4 presented the Project Room, a spin-off activity based on the FabLab approach, that will enable the local students to delve into robotics, domotics and other STEM disciplines.<\/p>\n\n\n\n<p>Later on, the MOOC delivery was carefully planned, setting up the scheduled activities according to the original project.<\/p>\n\n\n\n<p>After presentations and meetings, the participants were hosted at the Lures Hotel (that entered into service this year in Kalkan) for dinner. Thank you very much to our school&#8217;s philanthropist S\u00fcleyman Y\u0131lmaz for their kind invitation. After dinner, them guests guests were given a chance to get to know our area by touring Kalkan Neighborhood.<\/p>\n\n\n\n<p>The third day started with breakfast in Kalkan and continued with dissemination strategies, mainly based on the website structure and future contents, as well as quality control measures to be implemented at both schools under the supervision of AO.<\/p>\n\n\n\n<p>After the presentations regarding our student selection process to participate in the project and our completed project team, a photo shoot was held at our school with our students.<\/p>\n\n\n\n<p>For the rest of the day, a visit was scheduled to Sakl\u0131kent Canyon, the longest canyon in Europe after Samara Canyon in Greece and one of the most productive clean water sources of our region, in order to introduce the environmental and historical beauties of our region, we completed it with a visit of Xhantos Ancient City and Patara Sand dunes and sunset. For dinner, the guests were met in Alabal\u0131k pools created by taking advantage of cold water sources with ecological value found in our Islamlar Neighborhood.<\/p>\n","protected":false},"excerpt":{"rendered":"<p>The Second Transnational Project Meeting took place at TURAN ERDO\u011eAN YILMAZ FEN L\u0130SES\u0130, in Kalkan (Antalya) from September 28th to September 30th. All Ecothings partners &hellip; <\/p>\n","protected":false},"author":1,"featured_media":176,"parent":0,"menu_order":0,"comment_status":"closed","ping_status":"closed","template":"","meta":{"footnotes":""},"class_list":["post-169","page","type-page","status-publish","has-post-thumbnail","hentry"],"yoast_head":"<!-- This site is optimized with the Yoast SEO plugin v27.3 - https:\/\/yoast.com\/product\/yoast-seo-wordpress\/ -->\n<title>Second TPM in Turkey - Ecothings<\/title>\n<meta name=\"robots\" content=\"index, follow, max-snippet:-1, max-image-preview:large, max-video-preview:-1\" \/>\n<link rel=\"canonical\" href=\"https:\/\/ecothings.webs.upv.es\/index.php\/second-tpm-in-turkey\/\" \/>\n<meta property=\"og:locale\" content=\"en_GB\" \/>\n<meta property=\"og:type\" content=\"article\" \/>\n<meta property=\"og:title\" content=\"Second TPM in Turkey - Ecothings\" \/>\n<meta property=\"og:description\" content=\"The Second Transnational Project Meeting took place at TURAN ERDO\u011eAN YILMAZ FEN L\u0130SES\u0130, in Kalkan (Antalya) from September 28th to September 30th. All Ecothings partners &hellip;\" \/>\n<meta property=\"og:url\" content=\"https:\/\/ecothings.webs.upv.es\/index.php\/second-tpm-in-turkey\/\" \/>\n<meta property=\"og:site_name\" content=\"Ecothings\" \/>\n<meta property=\"article:modified_time\" content=\"2023-10-17T10:35:24+00:00\" \/>\n<meta property=\"og:image\" content=\"https:\/\/ecothings.webs.upv.es\/wp-content\/uploads\/2023\/10\/IMG-20230930-WA0066.jpg\" \/>\n\t<meta property=\"og:image:width\" content=\"2048\" \/>\n\t<meta property=\"og:image:height\" content=\"1536\" \/>\n\t<meta property=\"og:image:type\" content=\"image\/jpeg\" \/>\n<meta name=\"twitter:card\" content=\"summary_large_image\" \/>\n<meta name=\"twitter:label1\" content=\"Estimated reading time\" \/>\n\t<meta name=\"twitter:data1\" content=\"5 minutes\" \/>\n<script type=\"application\/ld+json\" class=\"yoast-schema-graph\">{\"@context\":\"https:\\\/\\\/schema.org\",\"@graph\":[{\"@type\":\"WebPage\",\"@id\":\"https:\\\/\\\/ecothings.webs.upv.es\\\/index.php\\\/second-tpm-in-turkey\\\/\",\"url\":\"https:\\\/\\\/ecothings.webs.upv.es\\\/index.php\\\/second-tpm-in-turkey\\\/\",\"name\":\"Second TPM in Turkey - Ecothings\",\"isPartOf\":{\"@id\":\"https:\\\/\\\/ecothings.webs.upv.es\\\/#website\"},\"primaryImageOfPage\":{\"@id\":\"https:\\\/\\\/ecothings.webs.upv.es\\\/index.php\\\/second-tpm-in-turkey\\\/#primaryimage\"},\"image\":{\"@id\":\"https:\\\/\\\/ecothings.webs.upv.es\\\/index.php\\\/second-tpm-in-turkey\\\/#primaryimage\"},\"thumbnailUrl\":\"https:\\\/\\\/ecothings.webs.upv.es\\\/wp-content\\\/uploads\\\/2023\\\/10\\\/IMG-20230930-WA0066.jpg\",\"datePublished\":\"2023-10-17T10:35:21+00:00\",\"dateModified\":\"2023-10-17T10:35:24+00:00\",\"breadcrumb\":{\"@id\":\"https:\\\/\\\/ecothings.webs.upv.es\\\/index.php\\\/second-tpm-in-turkey\\\/#breadcrumb\"},\"inLanguage\":\"en-GB\",\"potentialAction\":[{\"@type\":\"ReadAction\",\"target\":[\"https:\\\/\\\/ecothings.webs.upv.es\\\/index.php\\\/second-tpm-in-turkey\\\/\"]}]},{\"@type\":\"ImageObject\",\"inLanguage\":\"en-GB\",\"@id\":\"https:\\\/\\\/ecothings.webs.upv.es\\\/index.php\\\/second-tpm-in-turkey\\\/#primaryimage\",\"url\":\"https:\\\/\\\/ecothings.webs.upv.es\\\/wp-content\\\/uploads\\\/2023\\\/10\\\/IMG-20230930-WA0066.jpg\",\"contentUrl\":\"https:\\\/\\\/ecothings.webs.upv.es\\\/wp-content\\\/uploads\\\/2023\\\/10\\\/IMG-20230930-WA0066.jpg\",\"width\":2048,\"height\":1536},{\"@type\":\"BreadcrumbList\",\"@id\":\"https:\\\/\\\/ecothings.webs.upv.es\\\/index.php\\\/second-tpm-in-turkey\\\/#breadcrumb\",\"itemListElement\":[{\"@type\":\"ListItem\",\"position\":1,\"name\":\"Home\",\"item\":\"https:\\\/\\\/ecothings.webs.upv.es\\\/\"},{\"@type\":\"ListItem\",\"position\":2,\"name\":\"Second TPM in Turkey\"}]},{\"@type\":\"WebSite\",\"@id\":\"https:\\\/\\\/ecothings.webs.upv.es\\\/#website\",\"url\":\"https:\\\/\\\/ecothings.webs.upv.es\\\/\",\"name\":\"Ecothings\",\"description\":\"Erasmus+ KA220-SCH project focused on domotics\",\"publisher\":{\"@id\":\"https:\\\/\\\/ecothings.webs.upv.es\\\/#organization\"},\"potentialAction\":[{\"@type\":\"SearchAction\",\"target\":{\"@type\":\"EntryPoint\",\"urlTemplate\":\"https:\\\/\\\/ecothings.webs.upv.es\\\/?s={search_term_string}\"},\"query-input\":{\"@type\":\"PropertyValueSpecification\",\"valueRequired\":true,\"valueName\":\"search_term_string\"}}],\"inLanguage\":\"en-GB\"},{\"@type\":\"Organization\",\"@id\":\"https:\\\/\\\/ecothings.webs.upv.es\\\/#organization\",\"name\":\"Ecothings\",\"url\":\"https:\\\/\\\/ecothings.webs.upv.es\\\/\",\"logo\":{\"@type\":\"ImageObject\",\"inLanguage\":\"en-GB\",\"@id\":\"https:\\\/\\\/ecothings.webs.upv.es\\\/#\\\/schema\\\/logo\\\/image\\\/\",\"url\":\"https:\\\/\\\/ecothings.webs.upv.es\\\/wp-content\\\/uploads\\\/2022\\\/07\\\/cropped-site-icon.png\",\"contentUrl\":\"https:\\\/\\\/ecothings.webs.upv.es\\\/wp-content\\\/uploads\\\/2022\\\/07\\\/cropped-site-icon.png\",\"width\":512,\"height\":512,\"caption\":\"Ecothings\"},\"image\":{\"@id\":\"https:\\\/\\\/ecothings.webs.upv.es\\\/#\\\/schema\\\/logo\\\/image\\\/\"}}]}<\/script>\n<!-- \/ Yoast SEO plugin. -->","yoast_head_json":{"title":"Second TPM in Turkey - Ecothings","robots":{"index":"index","follow":"follow","max-snippet":"max-snippet:-1","max-image-preview":"max-image-preview:large","max-video-preview":"max-video-preview:-1"},"canonical":"https:\/\/ecothings.webs.upv.es\/index.php\/second-tpm-in-turkey\/","og_locale":"en_GB","og_type":"article","og_title":"Second TPM in Turkey - Ecothings","og_description":"The Second Transnational Project Meeting took place at TURAN ERDO\u011eAN YILMAZ FEN L\u0130SES\u0130, in Kalkan (Antalya) from September 28th to September 30th. All Ecothings partners &hellip;","og_url":"https:\/\/ecothings.webs.upv.es\/index.php\/second-tpm-in-turkey\/","og_site_name":"Ecothings","article_modified_time":"2023-10-17T10:35:24+00:00","og_image":[{"width":2048,"height":1536,"url":"https:\/\/ecothings.webs.upv.es\/wp-content\/uploads\/2023\/10\/IMG-20230930-WA0066.jpg","type":"image\/jpeg"}],"twitter_card":"summary_large_image","twitter_misc":{"Estimated reading time":"5 minutes"},"schema":{"@context":"https:\/\/schema.org","@graph":[{"@type":"WebPage","@id":"https:\/\/ecothings.webs.upv.es\/index.php\/second-tpm-in-turkey\/","url":"https:\/\/ecothings.webs.upv.es\/index.php\/second-tpm-in-turkey\/","name":"Second TPM in Turkey - Ecothings","isPartOf":{"@id":"https:\/\/ecothings.webs.upv.es\/#website"},"primaryImageOfPage":{"@id":"https:\/\/ecothings.webs.upv.es\/index.php\/second-tpm-in-turkey\/#primaryimage"},"image":{"@id":"https:\/\/ecothings.webs.upv.es\/index.php\/second-tpm-in-turkey\/#primaryimage"},"thumbnailUrl":"https:\/\/ecothings.webs.upv.es\/wp-content\/uploads\/2023\/10\/IMG-20230930-WA0066.jpg","datePublished":"2023-10-17T10:35:21+00:00","dateModified":"2023-10-17T10:35:24+00:00","breadcrumb":{"@id":"https:\/\/ecothings.webs.upv.es\/index.php\/second-tpm-in-turkey\/#breadcrumb"},"inLanguage":"en-GB","potentialAction":[{"@type":"ReadAction","target":["https:\/\/ecothings.webs.upv.es\/index.php\/second-tpm-in-turkey\/"]}]},{"@type":"ImageObject","inLanguage":"en-GB","@id":"https:\/\/ecothings.webs.upv.es\/index.php\/second-tpm-in-turkey\/#primaryimage","url":"https:\/\/ecothings.webs.upv.es\/wp-content\/uploads\/2023\/10\/IMG-20230930-WA0066.jpg","contentUrl":"https:\/\/ecothings.webs.upv.es\/wp-content\/uploads\/2023\/10\/IMG-20230930-WA0066.jpg","width":2048,"height":1536},{"@type":"BreadcrumbList","@id":"https:\/\/ecothings.webs.upv.es\/index.php\/second-tpm-in-turkey\/#breadcrumb","itemListElement":[{"@type":"ListItem","position":1,"name":"Home","item":"https:\/\/ecothings.webs.upv.es\/"},{"@type":"ListItem","position":2,"name":"Second TPM in Turkey"}]},{"@type":"WebSite","@id":"https:\/\/ecothings.webs.upv.es\/#website","url":"https:\/\/ecothings.webs.upv.es\/","name":"Ecothings","description":"Erasmus+ KA220-SCH project focused on domotics","publisher":{"@id":"https:\/\/ecothings.webs.upv.es\/#organization"},"potentialAction":[{"@type":"SearchAction","target":{"@type":"EntryPoint","urlTemplate":"https:\/\/ecothings.webs.upv.es\/?s={search_term_string}"},"query-input":{"@type":"PropertyValueSpecification","valueRequired":true,"valueName":"search_term_string"}}],"inLanguage":"en-GB"},{"@type":"Organization","@id":"https:\/\/ecothings.webs.upv.es\/#organization","name":"Ecothings","url":"https:\/\/ecothings.webs.upv.es\/","logo":{"@type":"ImageObject","inLanguage":"en-GB","@id":"https:\/\/ecothings.webs.upv.es\/#\/schema\/logo\/image\/","url":"https:\/\/ecothings.webs.upv.es\/wp-content\/uploads\/2022\/07\/cropped-site-icon.png","contentUrl":"https:\/\/ecothings.webs.upv.es\/wp-content\/uploads\/2022\/07\/cropped-site-icon.png","width":512,"height":512,"caption":"Ecothings"},"image":{"@id":"https:\/\/ecothings.webs.upv.es\/#\/schema\/logo\/image\/"}}]}},"_links":{"self":[{"href":"https:\/\/ecothings.webs.upv.es\/index.php\/wp-json\/wp\/v2\/pages\/169","targetHints":{"allow":["GET"]}}],"collection":[{"href":"https:\/\/ecothings.webs.upv.es\/index.php\/wp-json\/wp\/v2\/pages"}],"about":[{"href":"https:\/\/ecothings.webs.upv.es\/index.php\/wp-json\/wp\/v2\/types\/page"}],"author":[{"embeddable":true,"href":"https:\/\/ecothings.webs.upv.es\/index.php\/wp-json\/wp\/v2\/users\/1"}],"replies":[{"embeddable":true,"href":"https:\/\/ecothings.webs.upv.es\/index.php\/wp-json\/wp\/v2\/comments?post=169"}],"version-history":[{"count":1,"href":"https:\/\/ecothings.webs.upv.es\/index.php\/wp-json\/wp\/v2\/pages\/169\/revisions"}],"predecessor-version":[{"id":180,"href":"https:\/\/ecothings.webs.upv.es\/index.php\/wp-json\/wp\/v2\/pages\/169\/revisions\/180"}],"wp:featuredmedia":[{"embeddable":true,"href":"https:\/\/ecothings.webs.upv.es\/index.php\/wp-json\/wp\/v2\/media\/176"}],"wp:attachment":[{"href":"https:\/\/ecothings.webs.upv.es\/index.php\/wp-json\/wp\/v2\/media?parent=169"}],"curies":[{"name":"wp","href":"https:\/\/api.w.org\/{rel}","templated":true}]}}